{"id":237,"date":"2025-07-27T01:43:01","date_gmt":"2025-07-27T01:43:01","guid":{"rendered":"https:\/\/ypolymer.com\/?post_type=product&#038;p=237"},"modified":"2025-07-27T01:43:01","modified_gmt":"2025-07-27T01:43:01","slug":"pbt-yellow-custom","status":"publish","type":"product","link":"https:\/\/ypolymer.com\/es\/producto\/pbt-yellow-custom\/","title":{"rendered":"PBT Amarillo Personalizado"},"content":{"rendered":"<p>Somos una empresa privada especializada en la producci\u00f3n, venta y asistencia t\u00e9cnica de pl\u00e1sticos modificados de alto rendimiento. Desde su fundaci\u00f3n, la empresa ha logrado un desarrollo sostenido y constante y ha creado la conocida marca \u201cOptimization\u201d. El centro de I+D de la empresa cuenta con varios equipos avanzados de I+D de materiales e instrumentos de prueba. La capacidad de innovaci\u00f3n tecnol\u00f3gica y la escala de la empresa se encuentran entre las mejores en el campo de PBT de la industria de pl\u00e1sticos de ingenier\u00eda modificados en la provincia de Guangdong. Sus productos se utilizan ampliamente en electr\u00f3nica, electrodom\u00e9sticos, equipos de comunicaci\u00f3n, fabricaci\u00f3n de autom\u00f3viles, aeroespacial, equipos de oficina, materiales de construcci\u00f3n, equipos m\u00e9dicos, LED, herramientas el\u00e9ctricas, iluminaci\u00f3n y otros campos.<\/p>","protected":false},"excerpt":{"rendered":"<p>Somos una empresa privada especializada en la producci\u00f3n, venta y asistencia t\u00e9cnica de pl\u00e1sticos modificados de alto rendimiento. Desde su fundaci\u00f3n, la empresa ha logrado un desarrollo sostenido y constante y ha creado la conocida marca \u201cOptimization\u201d.<\/p>","protected":false},"featured_media":240,"comment_status":"open","ping_status":"closed","template":"","meta":[],"product_brand":[25],"product_cat":[19],"product_tag":[26],"class_list":{"0":"post-237","1":"product","2":"type-product","3":"status-publish","4":"has-post-thumbnail","6":"product_brand-yh","7":"product_cat-uncategorized","8":"product_tag-pbt","10":"first","11":"instock","12":"shipping-taxable","13":"product-type-simple"},"_links":{"self":[{"href":"https:\/\/ypolymer.com\/es\/wp-json\/wp\/v2\/product\/237","targetHints":{"allow":["GET"]}}],"collection":[{"href":"https:\/\/ypolymer.com\/es\/wp-json\/wp\/v2\/product"}],"about":[{"href":"https:\/\/ypolymer.com\/es\/wp-json\/wp\/v2\/types\/product"}],"replies":[{"embeddable":true,"href":"https:\/\/ypolymer.com\/es\/wp-json\/wp\/v2\/comments?post=237"}],"wp:featuredmedia":[{"embeddable":true,"href":"https:\/\/ypolymer.com\/es\/wp-json\/wp\/v2\/media\/240"}],"wp:attachment":[{"href":"https:\/\/ypolymer.com\/es\/wp-json\/wp\/v2\/media?parent=237"}],"wp:term":[{"taxonomy":"product_brand","embeddable":true,"href":"https:\/\/ypolymer.com\/es\/wp-json\/wp\/v2\/product_brand?post=237"},{"taxonomy":"product_cat","embeddable":true,"href":"https:\/\/ypolymer.com\/es\/wp-json\/wp\/v2\/product_cat?post=237"},{"taxonomy":"product_tag","embeddable":true,"href":"https:\/\/ypolymer.com\/es\/wp-json\/wp\/v2\/product_tag?post=237"}],"curies":[{"name":"wp","href":"https:\/\/api.w.org\/{rel}","templated":true}]}}