{"id":245,"date":"2025-07-27T01:48:19","date_gmt":"2025-07-27T01:48:19","guid":{"rendered":"https:\/\/ypolymer.com\/?post_type=product&#038;p=245"},"modified":"2025-07-27T01:48:19","modified_gmt":"2025-07-27T01:48:19","slug":"pbt-blue-custom","status":"publish","type":"product","link":"https:\/\/ypolymer.com\/es\/producto\/pbt-blue-custom\/","title":{"rendered":"PBT azul personalizado"},"content":{"rendered":"<h2>Innovaci\u00f3n de ingenier\u00eda para aplicaciones modernas<\/h2>\n<p>Descubra un rendimiento inigualable con nuestros pl\u00e1sticos modificados de alto rendimiento dise\u00f1ados para satisfacer las demandas avanzadas de las industrias modernas. Como empresa privada de confianza, nos comprometemos a ofrecer una calidad excepcional, respaldada por a\u00f1os de experiencia en producci\u00f3n, ventas y asistencia t\u00e9cnica. Nuestra empresa ha demostrado sistem\u00e1ticamente un crecimiento sostenido y constante, gan\u00e1ndose una distinguida reputaci\u00f3n que se refleja en nuestra renombrada marca, \u2018Optimization\u2019.\u2019<\/p>\n<h2>\u00bfPor qu\u00e9 elegir nuestros pl\u00e1sticos modificados?<\/h2>\n<p>La marca \u2018Optimization\u2019 representa una fusi\u00f3n de ingenier\u00eda innovadora y calidad sin concesiones. Nuestros pl\u00e1sticos modificados est\u00e1n dise\u00f1ados para aplicaciones de alto rendimiento en sectores como la automoci\u00f3n, la construcci\u00f3n, la electr\u00f3nica y los bienes de consumo. Al ofrecer una durabilidad, sostenibilidad y adaptabilidad superiores, estos materiales permiten soluciones eficientes y fiables para una amplia gama de necesidades de producci\u00f3n.<\/p>\n<p>Adem\u00e1s, nuestro completo servicio de asistencia t\u00e9cnica garantiza que nuestros clientes no s\u00f3lo reciban los mejores productos, sino tambi\u00e9n asesoramiento experto en cada fase del proceso de aplicaci\u00f3n e implantaci\u00f3n.<\/p>\n<h2>Compromiso con la excelencia<\/h2>\n<p>Desde su fundaci\u00f3n, nuestra empresa ha estado impulsada por una visi\u00f3n de excelencia y mejora continua. Gracias a la investigaci\u00f3n y el desarrollo avanzados, los procesos de fabricaci\u00f3n m\u00e1s avanzados y los estrictos controles de calidad, nos hemos consolidado como l\u00edderes en el mercado de los materiales de alto rendimiento. Cada lote se somete a rigurosas pruebas para garantizar que supera las normas del sector y las expectativas de los clientes, ofreciendo tranquilidad y resultados excepcionales.<\/p>\n<p>Nuestro enfoque personalizado nos permite satisfacer requisitos \u00fanicos, ofreciendo soluciones que combinan solidez, flexibilidad e innovaci\u00f3n. Desde nuevas empresas hasta multinacionales, \u2018Optimization\u2019 se ha convertido en sin\u00f3nimo de fiabilidad y tecnolog\u00eda de materiales de vanguardia.<\/p>\n<h2>As\u00f3ciese con nosotros para alcanzar el \u00e9xito<\/h2>\n<p>Colabore con una empresa que valora su \u00e9xito. Con nuestra experiencia t\u00e9cnica, dedicaci\u00f3n a la calidad y el poder de la marca \u2018Optimization\u2019, estamos aqu\u00ed para elevar sus productos a nuevas cotas. Descubra c\u00f3mo nuestros pl\u00e1sticos modificados de alto rendimiento pueden transformar sus proyectos, reducir los retos de producci\u00f3n e impulsar la innovaci\u00f3n. \u00danase a una amplia red de socios que conf\u00edan en nosotros para ofrecer excelencia de forma constante.<\/p>\n<p>Explore las posibilidades y experimente la diferencia con \u2018Optimization\u2019, su socio definitivo en soluciones de pl\u00e1sticos modificados.<\/p>","protected":false},"excerpt":{"rendered":"<p>Somos una empresa privada especializada en la producci\u00f3n, venta y asistencia t\u00e9cnica de pl\u00e1sticos modificados de alto rendimiento. Desde su fundaci\u00f3n, la empresa ha logrado un desarrollo sostenido y constante y ha creado la conocida marca \u201cOptimization\u201d.<\/p>\n<p>El centro de I+D de la empresa cuenta con varios equipos avanzados de I+D de materiales e instrumentos de prueba. La capacidad de innovaci\u00f3n tecnol\u00f3gica y la escala de la empresa se encuentran entre las mejores en el campo de PBT de la industria de pl\u00e1sticos de ingenier\u00eda modificados en la provincia de Guangdong.<\/p>\n<p>Sus productos se utilizan ampliamente en electr\u00f3nica, electrodom\u00e9sticos, equipos de comunicaci\u00f3n, fabricaci\u00f3n de autom\u00f3viles, aeroespacial, equipos de oficina, materiales de construcci\u00f3n, equipos m\u00e9dicos, LED, herramientas el\u00e9ctricas, iluminaci\u00f3n y otros campos.<\/p>","protected":false},"featured_media":241,"comment_status":"open","ping_status":"closed","template":"","meta":[],"product_brand":[25],"product_cat":[19],"product_tag":[26],"class_list":{"0":"post-245","1":"product","2":"type-product","3":"status-publish","4":"has-post-thumbnail","6":"product_brand-yh","7":"product_cat-uncategorized","8":"product_tag-pbt","10":"first","11":"instock","12":"shipping-taxable","13":"product-type-simple"},"_links":{"self":[{"href":"https:\/\/ypolymer.com\/es\/wp-json\/wp\/v2\/product\/245","targetHints":{"allow":["GET"]}}],"collection":[{"href":"https:\/\/ypolymer.com\/es\/wp-json\/wp\/v2\/product"}],"about":[{"href":"https:\/\/ypolymer.com\/es\/wp-json\/wp\/v2\/types\/product"}],"replies":[{"embeddable":true,"href":"https:\/\/ypolymer.com\/es\/wp-json\/wp\/v2\/comments?post=245"}],"wp:featuredmedia":[{"embeddable":true,"href":"https:\/\/ypolymer.com\/es\/wp-json\/wp\/v2\/media\/241"}],"wp:attachment":[{"href":"https:\/\/ypolymer.com\/es\/wp-json\/wp\/v2\/media?parent=245"}],"wp:term":[{"taxonomy":"product_brand","embeddable":true,"href":"https:\/\/ypolymer.com\/es\/wp-json\/wp\/v2\/product_brand?post=245"},{"taxonomy":"product_cat","embeddable":true,"href":"https:\/\/ypolymer.com\/es\/wp-json\/wp\/v2\/product_cat?post=245"},{"taxonomy":"product_tag","embeddable":true,"href":"https:\/\/ypolymer.com\/es\/wp-json\/wp\/v2\/product_tag?post=245"}],"curies":[{"name":"wp","href":"https:\/\/api.w.org\/{rel}","templated":true}]}}