{"id":247,"date":"2025-07-27T01:50:01","date_gmt":"2025-07-27T01:50:01","guid":{"rendered":"https:\/\/ypolymer.com\/?post_type=product&#038;p=247"},"modified":"2025-07-27T01:50:01","modified_gmt":"2025-07-27T01:50:01","slug":"pbt-green-customization","status":"publish","type":"product","link":"https:\/\/ypolymer.com\/es\/producto\/pbt-green-customization\/","title":{"rendered":"Personalizaci\u00f3n ecol\u00f3gica de PBT"},"content":{"rendered":"<h2>Potenciar la innovaci\u00f3n con pl\u00e1sticos modificados de alto rendimiento<\/h2>\n<p>Youhua, una empresa privada de confianza, est\u00e1 a la vanguardia de la industria de los pl\u00e1sticos modificados. Desde su creaci\u00f3n, la empresa ha estado impulsada por la innovaci\u00f3n, suministrando pl\u00e1sticos modificados de alta calidad y alto rendimiento que satisfacen diversas demandas industriales. Con un firme compromiso con la excelencia, Youhua se ha convertido en sin\u00f3nimo de fiabilidad y destreza en la producci\u00f3n de materiales de vanguardia.<\/p>\n<p>En el coraz\u00f3n del \u00e9xito de Youhua se encuentra su conocida marca, \u2018Optimization\u2019, que refleja los valores fundamentales de precisi\u00f3n, adaptabilidad y soluciones con visi\u00f3n de futuro. Los clientes eligen Youhua no s\u00f3lo por sus productos, sino por su enfoque hol\u00edstico que integra experiencia en producci\u00f3n, soporte de ventas y orientaci\u00f3n t\u00e9cnica para ayudar a las industrias a lograr un rendimiento \u00f3ptimo con pl\u00e1sticos modificados.<\/p>\n<h2>\u00bfPor qu\u00e9 elegir Youhua para pl\u00e1sticos modificados?<\/h2>\n<p>Youhua se ha forjado una reputaci\u00f3n de marca de confianza por su calidad y rendimiento constantes. Esto es lo que distingue a la empresa en un mercado tan competitivo:<\/p>\n<p><strong>- Amplia experiencia:<\/strong> Adem\u00e1s de crear pl\u00e1sticos modificados de primera calidad, Youhua ha invertido en asistencia t\u00e9cnica para garantizar que los clientes reciban soluciones a medida para sus necesidades espec\u00edficas. Tanto si pertenece al sector de la automoci\u00f3n como al de los envases o la electr\u00f3nica, Youhua est\u00e1 preparada para ofrecer asistencia espec\u00edfica para su sector.<\/p>\n<p><strong>- Crecimiento probado:<\/strong> Desde su creaci\u00f3n, la empresa ha disfrutado de un desarrollo sostenido y constante. Este crecimiento es el resultado directo de su capacidad para innovar constantemente y adaptarse a las necesidades del mercado, garantizando que sus clientes se mantengan a la vanguardia de los avances tecnol\u00f3gicos.<\/p>\n<p><strong>- Productos fiables:<\/strong> La marca \u2018Optimization\u2019 representa confianza, calidad y rendimiento. Bajo este nombre, Youhua mantiene su compromiso de suministrar \u00fanicamente los mejores materiales para cumplir y superar los est\u00e1ndares industriales.<\/p>\n<h2>Un socio comprometido con su \u00e9xito<\/h2>\n<p>Lo que realmente distingue a Youhua de sus competidores es su dedicaci\u00f3n a crear no s\u00f3lo productos, sino asociaciones. Cuando trabaja con Youhua, se beneficia de un equipo implicado en su \u00e9xito a trav\u00e9s de una comunicaci\u00f3n abierta, soluciones personalizadas y un soporte t\u00e9cnico receptivo. No se trata s\u00f3lo de vender un producto, sino de garantizar que se integre perfectamente en sus procesos de producci\u00f3n y mejore el rendimiento del producto final.<\/p>\n<p>Tanto si busca materiales de calidad superior como soluciones innovadoras o un servicio de atenci\u00f3n al cliente atento, Youhua cumple en todos los frentes. Su amplia experiencia en pl\u00e1sticos modificados de alto rendimiento los convierte en el socio ideal para las empresas que buscan superar a la competencia manteniendo un alto nivel de calidad en sus entregas.<\/p>\n<p>Explore la gama de pl\u00e1sticos modificados de Youhua y descubra c\u00f3mo su dedicaci\u00f3n a la \u2018Optimizaci\u00f3n\u2019 puede transformar sus productos y procesos. Elija Youhua para materiales que inspiran confianza, fomentan la innovaci\u00f3n y sostienen el progreso.<\/p>","protected":false},"excerpt":{"rendered":"<p>youhua es una empresa privada especializada en la producci\u00f3n, venta y asistencia t\u00e9cnica de pl\u00e1sticos modificados de alto rendimiento. Desde su fundaci\u00f3n, la empresa ha logrado un desarrollo sostenido y constante y ha creado la conocida marca \u201cOptimization\u201d. El centro de I+D de la empresa cuenta con varios equipos avanzados de I+D de materiales e instrumentos de prueba. La capacidad de innovaci\u00f3n tecnol\u00f3gica y la escala de la empresa se encuentran entre las mejores en el campo de PBT de la industria de pl\u00e1sticos de ingenier\u00eda modificados en la provincia de Guangdong. Sus productos se utilizan ampliamente en electr\u00f3nica, electrodom\u00e9sticos, equipos de comunicaci\u00f3n, fabricaci\u00f3n de autom\u00f3viles, aeroespacial, equipos de oficina, materiales de construcci\u00f3n, equipos m\u00e9dicos, LED, herramientas el\u00e9ctricas, iluminaci\u00f3n y otros campos.<\/p>","protected":false},"featured_media":242,"comment_status":"open","ping_status":"closed","template":"","meta":[],"product_brand":[25],"product_cat":[19],"product_tag":[26],"class_list":{"0":"post-247","1":"product","2":"type-product","3":"status-publish","4":"has-post-thumbnail","6":"product_brand-yh","7":"product_cat-uncategorized","8":"product_tag-pbt","10":"first","11":"instock","12":"shipping-taxable","13":"product-type-simple"},"_links":{"self":[{"href":"https:\/\/ypolymer.com\/es\/wp-json\/wp\/v2\/product\/247","targetHints":{"allow":["GET"]}}],"collection":[{"href":"https:\/\/ypolymer.com\/es\/wp-json\/wp\/v2\/product"}],"about":[{"href":"https:\/\/ypolymer.com\/es\/wp-json\/wp\/v2\/types\/product"}],"replies":[{"embeddable":true,"href":"https:\/\/ypolymer.com\/es\/wp-json\/wp\/v2\/comments?post=247"}],"wp:featuredmedia":[{"embeddable":true,"href":"https:\/\/ypolymer.com\/es\/wp-json\/wp\/v2\/media\/242"}],"wp:attachment":[{"href":"https:\/\/ypolymer.com\/es\/wp-json\/wp\/v2\/media?parent=247"}],"wp:term":[{"taxonomy":"product_brand","embeddable":true,"href":"https:\/\/ypolymer.com\/es\/wp-json\/wp\/v2\/product_brand?post=247"},{"taxonomy":"product_cat","embeddable":true,"href":"https:\/\/ypolymer.com\/es\/wp-json\/wp\/v2\/product_cat?post=247"},{"taxonomy":"product_tag","embeddable":true,"href":"https:\/\/ypolymer.com\/es\/wp-json\/wp\/v2\/product_tag?post=247"}],"curies":[{"name":"wp","href":"https:\/\/api.w.org\/{rel}","templated":true}]}}