{"id":237,"date":"2025-07-27T01:43:01","date_gmt":"2025-07-27T01:43:01","guid":{"rendered":"https:\/\/ypolymer.com\/?post_type=product&#038;p=237"},"modified":"2025-07-27T01:43:01","modified_gmt":"2025-07-27T01:43:01","slug":"pbt-yellow-custom","status":"publish","type":"product","link":"https:\/\/ypolymer.com\/pt\/produto\/pbt-yellow-custom\/","title":{"rendered":"PBT Amarelo Personalizado"},"content":{"rendered":"<p>Somos uma empresa privada especializada na produ\u00e7\u00e3o, venda e assist\u00eancia t\u00e9cnica de pl\u00e1sticos modificados de alto desempenho. Desde a sua cria\u00e7\u00e3o, a empresa alcan\u00e7ou um desenvolvimento sustentado e est\u00e1vel e criou a marca bem conhecida de \u201cOtimiza\u00e7\u00e3o\u201d. O centro de P&amp;D da empresa possui v\u00e1rios equipamentos avan\u00e7ados de P&amp;D de materiais e instrumentos de teste. As capacidades de inova\u00e7\u00e3o tecnol\u00f3gica e a escala da empresa est\u00e3o entre as melhores no campo PBT da ind\u00fastria de pl\u00e1sticos de engenharia modificados na prov\u00edncia de Guangdong. Os seus produtos s\u00e3o amplamente utilizados em eletr\u00f3nica, aparelhos el\u00e9ctricos, equipamento de comunica\u00e7\u00e3o, fabrico de autom\u00f3veis, aeroespacial, equipamento de escrit\u00f3rio, materiais de constru\u00e7\u00e3o, equipamento m\u00e9dico, LED, ferramentas el\u00e9ctricas, ilumina\u00e7\u00e3o e outros campos.<\/p>","protected":false},"excerpt":{"rendered":"<p>Somos uma empresa privada especializada na produ\u00e7\u00e3o, venda e assist\u00eancia t\u00e9cnica de pl\u00e1sticos modificados de alto desempenho. Desde a sua cria\u00e7\u00e3o, a empresa alcan\u00e7ou um desenvolvimento sustentado e est\u00e1vel e criou a conhecida marca \u201cOptimization\u201d.<\/p>","protected":false},"featured_media":240,"comment_status":"open","ping_status":"closed","template":"","meta":[],"product_brand":[25],"product_cat":[19],"product_tag":[26],"class_list":{"0":"post-237","1":"product","2":"type-product","3":"status-publish","4":"has-post-thumbnail","6":"product_brand-yh","7":"product_cat-uncategorized","8":"product_tag-pbt","10":"first","11":"instock","12":"shipping-taxable","13":"product-type-simple"},"_links":{"self":[{"href":"https:\/\/ypolymer.com\/pt\/wp-json\/wp\/v2\/product\/237","targetHints":{"allow":["GET"]}}],"collection":[{"href":"https:\/\/ypolymer.com\/pt\/wp-json\/wp\/v2\/product"}],"about":[{"href":"https:\/\/ypolymer.com\/pt\/wp-json\/wp\/v2\/types\/product"}],"replies":[{"embeddable":true,"href":"https:\/\/ypolymer.com\/pt\/wp-json\/wp\/v2\/comments?post=237"}],"wp:featuredmedia":[{"embeddable":true,"href":"https:\/\/ypolymer.com\/pt\/wp-json\/wp\/v2\/media\/240"}],"wp:attachment":[{"href":"https:\/\/ypolymer.com\/pt\/wp-json\/wp\/v2\/media?parent=237"}],"wp:term":[{"taxonomy":"product_brand","embeddable":true,"href":"https:\/\/ypolymer.com\/pt\/wp-json\/wp\/v2\/product_brand?post=237"},{"taxonomy":"product_cat","embeddable":true,"href":"https:\/\/ypolymer.com\/pt\/wp-json\/wp\/v2\/product_cat?post=237"},{"taxonomy":"product_tag","embeddable":true,"href":"https:\/\/ypolymer.com\/pt\/wp-json\/wp\/v2\/product_tag?post=237"}],"curies":[{"name":"wp","href":"https:\/\/api.w.org\/{rel}","templated":true}]}}