{"id":245,"date":"2025-07-27T01:48:19","date_gmt":"2025-07-27T01:48:19","guid":{"rendered":"https:\/\/ypolymer.com\/?post_type=product&#038;p=245"},"modified":"2025-07-27T01:48:19","modified_gmt":"2025-07-27T01:48:19","slug":"pbt-blue-custom","status":"publish","type":"product","link":"https:\/\/ypolymer.com\/pt\/produto\/pbt-blue-custom\/","title":{"rendered":"PBT azul personalizado"},"content":{"rendered":"<h2>Inova\u00e7\u00e3o de engenharia para aplica\u00e7\u00f5es modernas<\/h2>\n<p>Descubra um desempenho sem paralelo com os nossos pl\u00e1sticos modificados de alto desempenho, concebidos para satisfazer as exig\u00eancias avan\u00e7adas das ind\u00fastrias modernas. Como empresa privada de confian\u00e7a, estamos empenhados em oferecer uma qualidade excecional, apoiada por anos de experi\u00eancia em produ\u00e7\u00e3o, vendas e apoio t\u00e9cnico. A nossa empresa tem demonstrado um crescimento sustentado e constante, conquistando uma reputa\u00e7\u00e3o distinta que se reflecte na nossa marca de renome, \u2018Optimization\u2019.\u2019<\/p>\n<h2>Porqu\u00ea escolher os nossos pl\u00e1sticos modificados?<\/h2>\n<p>A marca \u2018Optimization\u2019 representa uma fus\u00e3o de engenharia inovadora e qualidade sem compromissos. Os nossos pl\u00e1sticos modificados s\u00e3o concebidos para aplica\u00e7\u00f5es de elevado desempenho em sectores como o autom\u00f3vel, a constru\u00e7\u00e3o, a eletr\u00f3nica e os bens de consumo. Ao oferecer uma durabilidade, sustentabilidade e adaptabilidade superiores, estes materiais permitem solu\u00e7\u00f5es eficientes e fi\u00e1veis para uma vasta gama de necessidades de produ\u00e7\u00e3o.<\/p>\n<p>Al\u00e9m disso, o nosso apoio t\u00e9cnico abrangente garante que os nossos clientes n\u00e3o s\u00f3 recebem os melhores produtos, como tamb\u00e9m t\u00eam acesso a orienta\u00e7\u00e3o especializada em todas as fases do seu processo de aplica\u00e7\u00e3o e implementa\u00e7\u00e3o.<\/p>\n<h2>Compromisso com a excel\u00eancia<\/h2>\n<p>Desde a sua funda\u00e7\u00e3o, a nossa empresa tem-se pautado por uma vis\u00e3o de excel\u00eancia e melhoria cont\u00ednua. Atrav\u00e9s de investiga\u00e7\u00e3o e desenvolvimento avan\u00e7ados, processos de fabrico de \u00faltima gera\u00e7\u00e3o e controlos de qualidade rigorosos, estabelecemo-nos como l\u00edderes no mercado de materiais de elevado desempenho. Cada lote \u00e9 rigorosamente testado para garantir que excede os padr\u00f5es da ind\u00fastria e as expectativas dos clientes, proporcionando paz de esp\u00edrito e resultados excepcionais.<\/p>\n<p>A nossa abordagem personalizada permite-nos responder a requisitos \u00fanicos, oferecendo solu\u00e7\u00f5es que combinam for\u00e7a, flexibilidade e inova\u00e7\u00e3o. De startups a empresas multinacionais, \u2018Optimization\u2019 tornou-se sin\u00f3nimo de fiabilidade e tecnologia de materiais de ponta.<\/p>\n<h2>Seja nosso parceiro para o sucesso<\/h2>\n<p>Colabore com uma empresa que valoriza o seu sucesso. Com a nossa experi\u00eancia t\u00e9cnica, dedica\u00e7\u00e3o \u00e0 qualidade e o poder da marca \u2018Optimization\u2019, estamos aqui para elevar os seus produtos a novos patamares. Descubra como os nossos pl\u00e1sticos modificados de alto desempenho podem transformar os seus projectos, reduzir os desafios de produ\u00e7\u00e3o e impulsionar a inova\u00e7\u00e3o. Junte-se a uma ampla rede de parceiros que confiam em n\u00f3s para oferecer excel\u00eancia, de forma consistente.<\/p>\n<p>Explore as possibilidades e experimente a diferen\u00e7a com a \u2018Optimization\u2019 - o seu parceiro definitivo em solu\u00e7\u00f5es de pl\u00e1sticos modificados.<\/p>","protected":false},"excerpt":{"rendered":"<p>Somos uma empresa privada especializada na produ\u00e7\u00e3o, venda e assist\u00eancia t\u00e9cnica de pl\u00e1sticos modificados de alto desempenho. Desde a sua cria\u00e7\u00e3o, a empresa alcan\u00e7ou um desenvolvimento sustentado e est\u00e1vel e criou a conhecida marca \u201cOptimization\u201d.<\/p>\n<p>O centro de I&amp;D da empresa possui v\u00e1rios equipamentos avan\u00e7ados de I&amp;D de materiais e instrumentos de teste. As capacidades de inova\u00e7\u00e3o tecnol\u00f3gica e a escala da empresa est\u00e3o entre as melhores no dom\u00ednio do PBT da ind\u00fastria de pl\u00e1sticos de engenharia modificados na prov\u00edncia de Guangdong.<\/p>\n<p>Os seus produtos s\u00e3o amplamente utilizados em eletr\u00f3nica, aparelhos el\u00e9ctricos, equipamento de comunica\u00e7\u00e3o, fabrico de autom\u00f3veis, ind\u00fastria aeroespacial, equipamento de escrit\u00f3rio, materiais de constru\u00e7\u00e3o, equipamento m\u00e9dico, LED, ferramentas el\u00e9ctricas, ilumina\u00e7\u00e3o e outros dom\u00ednios.<\/p>","protected":false},"featured_media":241,"comment_status":"open","ping_status":"closed","template":"","meta":[],"product_brand":[25],"product_cat":[19],"product_tag":[26],"class_list":{"0":"post-245","1":"product","2":"type-product","3":"status-publish","4":"has-post-thumbnail","6":"product_brand-yh","7":"product_cat-uncategorized","8":"product_tag-pbt","10":"first","11":"instock","12":"shipping-taxable","13":"product-type-simple"},"_links":{"self":[{"href":"https:\/\/ypolymer.com\/pt\/wp-json\/wp\/v2\/product\/245","targetHints":{"allow":["GET"]}}],"collection":[{"href":"https:\/\/ypolymer.com\/pt\/wp-json\/wp\/v2\/product"}],"about":[{"href":"https:\/\/ypolymer.com\/pt\/wp-json\/wp\/v2\/types\/product"}],"replies":[{"embeddable":true,"href":"https:\/\/ypolymer.com\/pt\/wp-json\/wp\/v2\/comments?post=245"}],"wp:featuredmedia":[{"embeddable":true,"href":"https:\/\/ypolymer.com\/pt\/wp-json\/wp\/v2\/media\/241"}],"wp:attachment":[{"href":"https:\/\/ypolymer.com\/pt\/wp-json\/wp\/v2\/media?parent=245"}],"wp:term":[{"taxonomy":"product_brand","embeddable":true,"href":"https:\/\/ypolymer.com\/pt\/wp-json\/wp\/v2\/product_brand?post=245"},{"taxonomy":"product_cat","embeddable":true,"href":"https:\/\/ypolymer.com\/pt\/wp-json\/wp\/v2\/product_cat?post=245"},{"taxonomy":"product_tag","embeddable":true,"href":"https:\/\/ypolymer.com\/pt\/wp-json\/wp\/v2\/product_tag?post=245"}],"curies":[{"name":"wp","href":"https:\/\/api.w.org\/{rel}","templated":true}]}}