{"id":247,"date":"2025-07-27T01:50:01","date_gmt":"2025-07-27T01:50:01","guid":{"rendered":"https:\/\/ypolymer.com\/?post_type=product&#038;p=247"},"modified":"2025-07-27T01:50:01","modified_gmt":"2025-07-27T01:50:01","slug":"pbt-green-customization","status":"publish","type":"product","link":"https:\/\/ypolymer.com\/pt\/produto\/pbt-green-customization\/","title":{"rendered":"Personaliza\u00e7\u00e3o ecol\u00f3gica PBT"},"content":{"rendered":"<h2>Melhorar a inova\u00e7\u00e3o com pl\u00e1sticos modificados de elevado desempenho<\/h2>\n<p>A Youhua, uma empresa privada de confian\u00e7a, est\u00e1 na vanguarda da ind\u00fastria dos pl\u00e1sticos modificados. Desde a sua cria\u00e7\u00e3o, a empresa tem sido impulsionada pela inova\u00e7\u00e3o, fornecendo pl\u00e1sticos modificados de alto desempenho e de qualidade superior que satisfazem diversas exig\u00eancias industriais. Com um compromisso inabal\u00e1vel para com a excel\u00eancia, a Youhua tornou-se sin\u00f3nimo de fiabilidade e compet\u00eancia na produ\u00e7\u00e3o de materiais de ponta.<\/p>\n<p>No centro do sucesso da Youhua est\u00e1 a sua marca de renome, \u2018Optimization\u2019, que reflecte os valores fundamentais de precis\u00e3o, adaptabilidade e solu\u00e7\u00f5es com vis\u00e3o de futuro. Os clientes escolhem a Youhua n\u00e3o s\u00f3 pelos seus produtos, mas tamb\u00e9m pela sua abordagem hol\u00edstica que integra conhecimentos de produ\u00e7\u00e3o, apoio de vendas e orienta\u00e7\u00e3o t\u00e9cnica para ajudar as ind\u00fastrias a obter um desempenho \u00f3timo com pl\u00e1sticos modificados.<\/p>\n<h2>Por que escolher a Youhua para pl\u00e1sticos modificados?<\/h2>\n<p>A Youhua criou uma reputa\u00e7\u00e3o como uma marca de confian\u00e7a por oferecer qualidade e desempenho consistentes. Eis o que distingue a empresa num mercado altamente competitivo:<\/p>\n<p><strong>- Experi\u00eancia abrangente:<\/strong> Al\u00e9m de criar pl\u00e1sticos modificados de alta qualidade, a Youhua investiu em suporte t\u00e9cnico para garantir que os clientes recebam solu\u00e7\u00f5es sob medida para suas necessidades espec\u00edficas. Quer esteja no sector autom\u00f3vel, de embalagens ou eletr\u00f3nico, a Youhua est\u00e1 equipada para prestar apoio espec\u00edfico \u00e0 ind\u00fastria.<\/p>\n<p><strong>- Crescimento comprovado:<\/strong> Desde a sua cria\u00e7\u00e3o, a empresa tem registado um desenvolvimento sustentado e constante. Este crescimento \u00e9 o resultado direto da sua capacidade de inovar e adaptar-se constantemente \u00e0s necessidades do mercado, assegurando que os seus clientes permanecem na vanguarda dos avan\u00e7os tecnol\u00f3gicos.<\/p>\n<p><strong>- Produtos de confian\u00e7a:<\/strong> A marca \u2018Optimization\u2019 representa confian\u00e7a, qualidade e desempenho. Sob este nome, a Youhua continua empenhada em fornecer apenas os melhores materiais para cumprir e exceder os padr\u00f5es industriais.<\/p>\n<h2>Um parceiro investido no seu sucesso<\/h2>\n<p>O que realmente distingue a Youhua de seus concorrentes \u00e9 sua dedica\u00e7\u00e3o em construir n\u00e3o apenas produtos, mas parcerias. Quando trabalha com a Youhua, beneficia de uma equipa que investe no seu sucesso atrav\u00e9s de uma comunica\u00e7\u00e3o aberta, solu\u00e7\u00f5es personalizadas e apoio t\u00e9cnico reativo. A \u00eanfase n\u00e3o est\u00e1 apenas na venda de um produto, mas em garantir que ele se integre perfeitamente aos seus processos de produ\u00e7\u00e3o e melhore o desempenho do produto final.<\/p>\n<p>Quer esteja \u00e0 procura de materiais de qualidade superior, de solu\u00e7\u00f5es inovadoras ou de um servi\u00e7o de apoio ao cliente atencioso, a Youhua cumpre em todas as frentes. A sua vasta experi\u00eancia em pl\u00e1sticos modificados de alto desempenho torna-os o parceiro ideal para empresas que procuram superar a concorr\u00eancia, mantendo um elevado padr\u00e3o de qualidade nos seus produtos.<\/p>\n<p>Explore a gama de pl\u00e1sticos modificados da Youhua e descubra como a sua dedica\u00e7\u00e3o \u00e0 \u2018Otimiza\u00e7\u00e3o\u2019 pode transformar os seus produtos e processos. Escolha a Youhua para obter materiais que inspiram confian\u00e7a, promovem a inova\u00e7\u00e3o e sustentam o progresso.<\/p>","protected":false},"excerpt":{"rendered":"<p>A youhua \u00e9 uma empresa privada especializada na produ\u00e7\u00e3o, venda e apoio t\u00e9cnico de pl\u00e1sticos modificados de alto desempenho. Desde a sua funda\u00e7\u00e3o, a empresa alcan\u00e7ou um desenvolvimento sustentado e est\u00e1vel e criou a conhecida marca \u201cOptimization\u201d. O centro de P&amp;D da empresa possui v\u00e1rios equipamentos avan\u00e7ados de P&amp;D de materiais e instrumentos de teste. As capacidades de inova\u00e7\u00e3o tecnol\u00f3gica e a escala da empresa est\u00e3o entre as melhores no campo PBT da ind\u00fastria de pl\u00e1sticos de engenharia modificados na prov\u00edncia de Guangdong. Os seus produtos s\u00e3o amplamente utilizados em eletr\u00f3nica, aparelhos el\u00e9ctricos, equipamento de comunica\u00e7\u00e3o, fabrico de autom\u00f3veis, aeroespacial, equipamento de escrit\u00f3rio, materiais de constru\u00e7\u00e3o, equipamento m\u00e9dico, LED, ferramentas el\u00e9ctricas, ilumina\u00e7\u00e3o e outros campos.<\/p>","protected":false},"featured_media":242,"comment_status":"open","ping_status":"closed","template":"","meta":[],"product_brand":[25],"product_cat":[19],"product_tag":[26],"class_list":{"0":"post-247","1":"product","2":"type-product","3":"status-publish","4":"has-post-thumbnail","6":"product_brand-yh","7":"product_cat-uncategorized","8":"product_tag-pbt","10":"first","11":"instock","12":"shipping-taxable","13":"product-type-simple"},"_links":{"self":[{"href":"https:\/\/ypolymer.com\/pt\/wp-json\/wp\/v2\/product\/247","targetHints":{"allow":["GET"]}}],"collection":[{"href":"https:\/\/ypolymer.com\/pt\/wp-json\/wp\/v2\/product"}],"about":[{"href":"https:\/\/ypolymer.com\/pt\/wp-json\/wp\/v2\/types\/product"}],"replies":[{"embeddable":true,"href":"https:\/\/ypolymer.com\/pt\/wp-json\/wp\/v2\/comments?post=247"}],"wp:featuredmedia":[{"embeddable":true,"href":"https:\/\/ypolymer.com\/pt\/wp-json\/wp\/v2\/media\/242"}],"wp:attachment":[{"href":"https:\/\/ypolymer.com\/pt\/wp-json\/wp\/v2\/media?parent=247"}],"wp:term":[{"taxonomy":"product_brand","embeddable":true,"href":"https:\/\/ypolymer.com\/pt\/wp-json\/wp\/v2\/product_brand?post=247"},{"taxonomy":"product_cat","embeddable":true,"href":"https:\/\/ypolymer.com\/pt\/wp-json\/wp\/v2\/product_cat?post=247"},{"taxonomy":"product_tag","embeddable":true,"href":"https:\/\/ypolymer.com\/pt\/wp-json\/wp\/v2\/product_tag?post=247"}],"curies":[{"name":"wp","href":"https:\/\/api.w.org\/{rel}","templated":true}]}}