{"id":237,"date":"2025-07-27T01:43:01","date_gmt":"2025-07-27T01:43:01","guid":{"rendered":"https:\/\/ypolymer.com\/?post_type=product&#038;p=237"},"modified":"2025-07-27T01:43:01","modified_gmt":"2025-07-27T01:43:01","slug":"pbt-yellow-custom","status":"publish","type":"product","link":"https:\/\/ypolymer.com\/vi\/san-pham\/pbt-yellow-custom\/","title":{"rendered":"PBT V\u00e0ng T\u00f9y Ch\u1ec9nh"},"content":{"rendered":"<p>Ch\u00fang t\u00f4i l\u00e0 m\u1ed9t doanh nghi\u1ec7p t\u01b0 nh\u00e2n chuy\u00ean s\u1ea3n xu\u1ea5t, kinh doanh v\u00e0 h\u1ed7 tr\u1ee3 k\u1ef9 thu\u1eadt c\u00e1c lo\u1ea1i nh\u1ef1a k\u1ef9 thu\u1eadt cao c\u1ea5p \u0111\u00e3 \u0111\u01b0\u1ee3c c\u1ea3i ti\u1ebfn. K\u1ec3 t\u1eeb khi th\u00e0nh l\u1eadp, c\u00f4ng ty \u0111\u00e3 \u0111\u1ea1t \u0111\u01b0\u1ee3c s\u1ef1 ph\u00e1t tri\u1ec3n b\u1ec1n v\u1eefng v\u00e0 \u1ed5n \u0111\u1ecbnh, \u0111\u1ed3ng th\u1eddi t\u1ea1o d\u1ef1ng \u0111\u01b0\u1ee3c th\u01b0\u01a1ng hi\u1ec7u n\u1ed5i ti\u1ebfng \u201cOptimization\u201d. Trung t\u00e2m nghi\u00ean c\u1ee9u v\u00e0 ph\u00e1t tri\u1ec3n (R&amp;D) c\u1ee7a c\u00f4ng ty \u0111\u01b0\u1ee3c trang b\u1ecb c\u00e1c thi\u1ebft b\u1ecb nghi\u00ean c\u1ee9u v\u00e0 ph\u00e1t tri\u1ec3n v\u1eadt li\u1ec7u ti\u00ean ti\u1ebfn c\u00f9ng c\u00e1c thi\u1ebft b\u1ecb ki\u1ec3m tra hi\u1ec7n \u0111\u1ea1i. Kh\u1ea3 n\u0103ng v\u00e0 quy m\u00f4 \u0111\u1ed5i m\u1edbi c\u00f4ng ngh\u1ec7 c\u1ee7a c\u00f4ng ty n\u1eb1m trong s\u1ed1 nh\u1eefng \u0111\u01a1n v\u1ecb h\u00e0ng \u0111\u1ea7u trong l\u0129nh v\u1ef1c nh\u1ef1a k\u1ef9 thu\u1eadt PBT t\u1ea1i t\u1ec9nh Qu\u1ea3ng \u0110\u00f4ng. S\u1ea3n ph\u1ea9m c\u1ee7a c\u00f4ng ty \u0111\u01b0\u1ee3c \u1ee9ng d\u1ee5ng r\u1ed9ng r\u00e3i trong c\u00e1c ng\u00e0nh c\u00f4ng nghi\u1ec7p nh\u01b0 \u0111i\u1ec7n t\u1eed, thi\u1ebft b\u1ecb gia d\u1ee5ng, thi\u1ebft b\u1ecb vi\u1ec5n th\u00f4ng, s\u1ea3n xu\u1ea5t \u00f4 t\u00f4, h\u00e0ng kh\u00f4ng v\u0169 tr\u1ee5, thi\u1ebft b\u1ecb v\u0103n ph\u00f2ng, v\u1eadt li\u1ec7u x\u00e2y d\u1ef1ng, thi\u1ebft b\u1ecb y t\u1ebf, LED, d\u1ee5ng c\u1ee5 \u0111i\u1ec7n, chi\u1ebfu s\u00e1ng v\u00e0 nhi\u1ec1u l\u0129nh v\u1ef1c kh\u00e1c.<\/p>","protected":false},"excerpt":{"rendered":"<p>Ch\u00fang t\u00f4i l\u00e0 m\u1ed9t doanh nghi\u1ec7p t\u01b0 nh\u00e2n chuy\u00ean s\u1ea3n xu\u1ea5t, kinh doanh v\u00e0 h\u1ed7 tr\u1ee3 k\u1ef9 thu\u1eadt c\u00e1c lo\u1ea1i nh\u1ef1a k\u1ef9 thu\u1eadt cao c\u1ea5p. K\u1ec3 t\u1eeb khi th\u00e0nh l\u1eadp, c\u00f4ng ty \u0111\u00e3 \u0111\u1ea1t \u0111\u01b0\u1ee3c s\u1ef1 ph\u00e1t tri\u1ec3n b\u1ec1n v\u1eefng v\u00e0 \u1ed5n \u0111\u1ecbnh, \u0111\u1ed3ng th\u1eddi t\u1ea1o d\u1ef1ng \u0111\u01b0\u1ee3c th\u01b0\u01a1ng hi\u1ec7u n\u1ed5i ti\u1ebfng \u201cOptimization\u201d.<\/p>","protected":false},"featured_media":240,"comment_status":"open","ping_status":"closed","template":"","meta":[],"product_brand":[25],"product_cat":[19],"product_tag":[26],"class_list":{"0":"post-237","1":"product","2":"type-product","3":"status-publish","4":"has-post-thumbnail","6":"product_brand-yh","7":"product_cat-uncategorized","8":"product_tag-pbt","10":"first","11":"instock","12":"shipping-taxable","13":"product-type-simple"},"_links":{"self":[{"href":"https:\/\/ypolymer.com\/vi\/wp-json\/wp\/v2\/product\/237","targetHints":{"allow":["GET"]}}],"collection":[{"href":"https:\/\/ypolymer.com\/vi\/wp-json\/wp\/v2\/product"}],"about":[{"href":"https:\/\/ypolymer.com\/vi\/wp-json\/wp\/v2\/types\/product"}],"replies":[{"embeddable":true,"href":"https:\/\/ypolymer.com\/vi\/wp-json\/wp\/v2\/comments?post=237"}],"wp:featuredmedia":[{"embeddable":true,"href":"https:\/\/ypolymer.com\/vi\/wp-json\/wp\/v2\/media\/240"}],"wp:attachment":[{"href":"https:\/\/ypolymer.com\/vi\/wp-json\/wp\/v2\/media?parent=237"}],"wp:term":[{"taxonomy":"product_brand","embeddable":true,"href":"https:\/\/ypolymer.com\/vi\/wp-json\/wp\/v2\/product_brand?post=237"},{"taxonomy":"product_cat","embeddable":true,"href":"https:\/\/ypolymer.com\/vi\/wp-json\/wp\/v2\/product_cat?post=237"},{"taxonomy":"product_tag","embeddable":true,"href":"https:\/\/ypolymer.com\/vi\/wp-json\/wp\/v2\/product_tag?post=237"}],"curies":[{"name":"wp","href":"https:\/\/api.w.org\/{rel}","templated":true}]}}