{"id":245,"date":"2025-07-27T01:48:19","date_gmt":"2025-07-27T01:48:19","guid":{"rendered":"https:\/\/ypolymer.com\/?post_type=product&#038;p=245"},"modified":"2025-07-27T01:48:19","modified_gmt":"2025-07-27T01:48:19","slug":"pbt-blue-custom","status":"publish","type":"product","link":"https:\/\/ypolymer.com\/vi\/san-pham\/pbt-blue-custom\/","title":{"rendered":"PBT xanh t\u00f9y ch\u1ec9nh"},"content":{"rendered":"<h2>S\u00e1ng t\u1ea1o c\u00f4ng ngh\u1ec7 cho c\u00e1c \u1ee9ng d\u1ee5ng hi\u1ec7n \u0111\u1ea1i<\/h2>\n<p>Kh\u00e1m ph\u00e1 hi\u1ec7u su\u1ea5t v\u01b0\u1ee3t tr\u1ed9i v\u1edbi c\u00e1c lo\u1ea1i nh\u1ef1a cao c\u1ea5p \u0111\u01b0\u1ee3c c\u1ea3i ti\u1ebfn c\u1ee7a ch\u00fang t\u00f4i, \u0111\u01b0\u1ee3c thi\u1ebft k\u1ebf \u0111\u1ec3 \u0111\u00e1p \u1ee9ng c\u00e1c y\u00eau c\u1ea7u ti\u00ean ti\u1ebfn c\u1ee7a c\u00e1c ng\u00e0nh c\u00f4ng nghi\u1ec7p hi\u1ec7n \u0111\u1ea1i. L\u00e0 m\u1ed9t doanh nghi\u1ec7p t\u01b0 nh\u00e2n uy t\u00edn, ch\u00fang t\u00f4i cam k\u1ebft mang \u0111\u1ebfn ch\u1ea5t l\u01b0\u1ee3ng xu\u1ea5t s\u1eafc, \u0111\u01b0\u1ee3c h\u1ed7 tr\u1ee3 b\u1edfi nhi\u1ec1u n\u0103m kinh nghi\u1ec7m trong s\u1ea3n xu\u1ea5t, b\u00e1n h\u00e0ng v\u00e0 h\u1ed7 tr\u1ee3 k\u1ef9 thu\u1eadt. C\u00f4ng ty ch\u00fang t\u00f4i \u0111\u00e3 li\u00ean t\u1ee5c ch\u1ee9ng minh s\u1ef1 t\u0103ng tr\u01b0\u1edfng b\u1ec1n v\u1eefng v\u00e0 \u1ed5n \u0111\u1ecbnh, x\u00e2y d\u1ef1ng \u0111\u01b0\u1ee3c danh ti\u1ebfng n\u1ed5i b\u1eadt \u0111\u01b0\u1ee3c th\u1ec3 hi\u1ec7n qua th\u01b0\u01a1ng hi\u1ec7u n\u1ed5i ti\u1ebfng c\u1ee7a ch\u00fang t\u00f4i, \u2018Optimization.\u2019<\/p>\n<h2>T\u1ea1i sao n\u00ean ch\u1ecdn nh\u1ef1a c\u1ea3i ti\u1ebfn c\u1ee7a ch\u00fang t\u00f4i?<\/h2>\n<p>Th\u01b0\u01a1ng hi\u1ec7u \u2018Optimization\u2019 \u0111\u1ea1i di\u1ec7n cho s\u1ef1 k\u1ebft h\u1ee3p gi\u1eefa c\u00f4ng ngh\u1ec7 k\u1ef9 thu\u1eadt ti\u00ean ti\u1ebfn v\u00e0 ch\u1ea5t l\u01b0\u1ee3ng kh\u00f4ng compromises. C\u00e1c v\u1eadt li\u1ec7u nh\u1ef1a \u0111\u01b0\u1ee3c c\u1ea3i ti\u1ebfn c\u1ee7a ch\u00fang t\u00f4i \u0111\u01b0\u1ee3c thi\u1ebft k\u1ebf d\u00e0nh ri\u00eang cho c\u00e1c \u1ee9ng d\u1ee5ng \u0111\u00f2i h\u1ecfi hi\u1ec7u su\u1ea5t cao trong c\u00e1c ng\u00e0nh c\u00f4ng nghi\u1ec7p nh\u01b0 \u00f4 t\u00f4, x\u00e2y d\u1ef1ng, \u0111i\u1ec7n t\u1eed v\u00e0 h\u00e0ng ti\u00eau d\u00f9ng. V\u1edbi kh\u1ea3 n\u0103ng b\u1ec1n b\u1ec9 v\u01b0\u1ee3t tr\u1ed9i, t\u00ednh b\u1ec1n v\u1eefng v\u00e0 kh\u1ea3 n\u0103ng th\u00edch \u1ee9ng cao, c\u00e1c v\u1eadt li\u1ec7u n\u00e0y mang l\u1ea1i c\u00e1c gi\u1ea3i ph\u00e1p hi\u1ec7u qu\u1ea3 v\u00e0 \u0111\u00e1ng tin c\u1eady cho \u0111a d\u1ea1ng nhu c\u1ea7u s\u1ea3n xu\u1ea5t.<\/p>\n<p>Ngo\u00e0i ra, d\u1ecbch v\u1ee5 h\u1ed7 tr\u1ee3 k\u1ef9 thu\u1eadt to\u00e0n di\u1ec7n c\u1ee7a ch\u00fang t\u00f4i \u0111\u1ea3m b\u1ea3o r\u1eb1ng kh\u00e1ch h\u00e0ng kh\u00f4ng ch\u1ec9 nh\u1eadn \u0111\u01b0\u1ee3c nh\u1eefng s\u1ea3n ph\u1ea9m ch\u1ea5t l\u01b0\u1ee3ng cao nh\u1ea5t m\u00e0 c\u00f2n \u0111\u01b0\u1ee3c h\u1ed7 tr\u1ee3 chuy\u00ean m\u00f4n t\u1ea1i m\u1ecdi giai \u0111o\u1ea1n c\u1ee7a qu\u00e1 tr\u00ecnh tri\u1ec3n khai v\u00e0 \u00e1p d\u1ee5ng.<\/p>\n<h2>Cam k\u1ebft h\u01b0\u1edbng t\u1edbi s\u1ef1 xu\u1ea5t s\u1eafc<\/h2>\n<p>K\u1ec3 t\u1eeb khi th\u00e0nh l\u1eadp, c\u00f4ng ty ch\u00fang t\u00f4i lu\u00f4n h\u01b0\u1edbng \u0111\u1ebfn m\u1ee5c ti\u00eau v\u01b0\u01a1n t\u1edbi s\u1ef1 xu\u1ea5t s\u1eafc v\u00e0 kh\u00f4ng ng\u1eebng c\u1ea3i ti\u1ebfn. Th\u00f4ng qua nghi\u00ean c\u1ee9u v\u00e0 ph\u00e1t tri\u1ec3n ti\u00ean ti\u1ebfn, quy tr\u00ecnh s\u1ea3n xu\u1ea5t hi\u1ec7n \u0111\u1ea1i v\u00e0 h\u1ec7 th\u1ed1ng ki\u1ec3m so\u00e1t ch\u1ea5t l\u01b0\u1ee3ng nghi\u00eam ng\u1eb7t, ch\u00fang t\u00f4i \u0111\u00e3 kh\u1eb3ng \u0111\u1ecbnh v\u1ecb th\u1ebf d\u1eabn \u0111\u1ea7u trong th\u1ecb tr\u01b0\u1eddng v\u1eadt li\u1ec7u cao c\u1ea5p. M\u1ed7i l\u00f4 s\u1ea3n ph\u1ea9m \u0111\u1ec1u \u0111\u01b0\u1ee3c ki\u1ec3m tra k\u1ef9 l\u01b0\u1ee1ng \u0111\u1ec3 \u0111\u1ea3m b\u1ea3o v\u01b0\u1ee3t qua ti\u00eau chu\u1ea9n ng\u00e0nh v\u00e0 mong \u0111\u1ee3i c\u1ee7a kh\u00e1ch h\u00e0ng, mang l\u1ea1i s\u1ef1 an t\u00e2m v\u00e0 k\u1ebft qu\u1ea3 v\u01b0\u1ee3t tr\u1ed9i.<\/p>\n<p>C\u00e1ch ti\u1ebfp c\u1eadn t\u00f9y ch\u1ec9nh c\u1ee7a ch\u00fang t\u00f4i cho ph\u00e9p ch\u00fang t\u00f4i \u0111\u00e1p \u1ee9ng c\u00e1c y\u00eau c\u1ea7u \u0111\u1eb7c th\u00f9, cung c\u1ea5p c\u00e1c gi\u1ea3i ph\u00e1p k\u1ebft h\u1ee3p gi\u1eefa \u0111\u1ed9 b\u1ec1n, t\u00ednh linh ho\u1ea1t v\u00e0 s\u1ef1 \u0111\u1ed5i m\u1edbi. T\u1eeb c\u00e1c startup \u0111\u1ebfn c\u00e1c t\u1eadp \u0111o\u00e0n \u0111a qu\u1ed1c gia, \u2018T\u1ed1i \u01b0u h\u00f3a\u2019 \u0111\u00e3 tr\u1edf th\u00e0nh \u0111\u1ed3ng ngh\u0129a v\u1edbi \u0111\u1ed9 tin c\u1eady v\u00e0 c\u00f4ng ngh\u1ec7 v\u1eadt li\u1ec7u ti\u00ean ti\u1ebfn.<\/p>\n<h2>H\u1ee3p t\u00e1c v\u1edbi ch\u00fang t\u00f4i \u0111\u1ec3 \u0111\u1ea1t \u0111\u01b0\u1ee3c th\u00e0nh c\u00f4ng<\/h2>\n<p>H\u1ee3p t\u00e1c v\u1edbi m\u1ed9t c\u00f4ng ty coi tr\u1ecdng s\u1ef1 th\u00e0nh c\u00f4ng c\u1ee7a b\u1ea1n. V\u1edbi chuy\u00ean m\u00f4n k\u1ef9 thu\u1eadt, cam k\u1ebft v\u1ec1 ch\u1ea5t l\u01b0\u1ee3ng v\u00e0 s\u1ee9c m\u1ea1nh c\u1ee7a th\u01b0\u01a1ng hi\u1ec7u \u2018Optimization\u2019, ch\u00fang t\u00f4i s\u1eb5n s\u00e0ng \u0111\u01b0a s\u1ea3n ph\u1ea9m c\u1ee7a b\u1ea1n l\u00ean m\u1ed9t t\u1ea7m cao m\u1edbi. Kh\u00e1m ph\u00e1 c\u00e1ch c\u00e1c lo\u1ea1i nh\u1ef1a k\u1ef9 thu\u1eadt cao c\u1ea5p c\u1ee7a ch\u00fang t\u00f4i c\u00f3 th\u1ec3 bi\u1ebfn \u0111\u1ed5i d\u1ef1 \u00e1n c\u1ee7a b\u1ea1n, gi\u1ea3m thi\u1ec3u th\u00e1ch th\u1ee9c s\u1ea3n xu\u1ea5t v\u00e0 th\u00fac \u0111\u1ea9y s\u1ef1 \u0111\u1ed5i m\u1edbi. Gia nh\u1eadp m\u1ea1ng l\u01b0\u1edbi \u0111\u1ed1i t\u00e1c r\u1ed9ng l\u1edbn tin t\u01b0\u1edfng ch\u00fang t\u00f4i trong vi\u1ec7c mang l\u1ea1i s\u1ef1 xu\u1ea5t s\u1eafc m\u1ed9t c\u00e1ch nh\u1ea5t qu\u00e1n.<\/p>\n<p>Kh\u00e1m ph\u00e1 nh\u1eefng kh\u1ea3 n\u0103ng v\u00e0 tr\u1ea3i nghi\u1ec7m s\u1ef1 kh\u00e1c bi\u1ec7t v\u1edbi \u2018Optimization\u2019\u2014\u0111\u1ed1i t\u00e1c t\u1ed1i \u01b0u c\u1ee7a b\u1ea1n trong c\u00e1c gi\u1ea3i ph\u00e1p nh\u1ef1a gia c\u00f4ng.<\/p>","protected":false},"excerpt":{"rendered":"<p>Ch\u00fang t\u00f4i l\u00e0 m\u1ed9t doanh nghi\u1ec7p t\u01b0 nh\u00e2n chuy\u00ean s\u1ea3n xu\u1ea5t, kinh doanh v\u00e0 h\u1ed7 tr\u1ee3 k\u1ef9 thu\u1eadt c\u00e1c lo\u1ea1i nh\u1ef1a k\u1ef9 thu\u1eadt cao c\u1ea5p. K\u1ec3 t\u1eeb khi th\u00e0nh l\u1eadp, c\u00f4ng ty \u0111\u00e3 \u0111\u1ea1t \u0111\u01b0\u1ee3c s\u1ef1 ph\u00e1t tri\u1ec3n b\u1ec1n v\u1eefng v\u00e0 \u1ed5n \u0111\u1ecbnh, \u0111\u1ed3ng th\u1eddi t\u1ea1o d\u1ef1ng \u0111\u01b0\u1ee3c th\u01b0\u01a1ng hi\u1ec7u n\u1ed5i ti\u1ebfng \u201cOptimization\u201d.<\/p>\n<p>Trung t\u00e2m nghi\u00ean c\u1ee9u v\u00e0 ph\u00e1t tri\u1ec3n (R&amp;D) c\u1ee7a c\u00f4ng ty \u0111\u01b0\u1ee3c trang b\u1ecb nhi\u1ec1u thi\u1ebft b\u1ecb nghi\u00ean c\u1ee9u v\u00e0 ph\u00e1t tri\u1ec3n v\u1eadt li\u1ec7u ti\u00ean ti\u1ebfn c\u00f9ng c\u00e1c thi\u1ebft b\u1ecb ki\u1ec3m tra hi\u1ec7n \u0111\u1ea1i. Kh\u1ea3 n\u0103ng v\u00e0 quy m\u00f4 \u0111\u1ed5i m\u1edbi c\u00f4ng ngh\u1ec7 c\u1ee7a c\u00f4ng ty n\u1eb1m trong s\u1ed1 nh\u1eefng \u0111\u01a1n v\u1ecb h\u00e0ng \u0111\u1ea7u trong l\u0129nh v\u1ef1c nh\u1ef1a k\u1ef9 thu\u1eadt bi\u1ebfn t\u00ednh PBT t\u1ea1i t\u1ec9nh Qu\u1ea3ng \u0110\u00f4ng.<\/p>\n<p>S\u1ea3n ph\u1ea9m c\u1ee7a c\u00f4ng ty \u0111\u01b0\u1ee3c s\u1eed d\u1ee5ng r\u1ed9ng r\u00e3i trong c\u00e1c l\u0129nh v\u1ef1c \u0111i\u1ec7n t\u1eed, thi\u1ebft b\u1ecb \u0111i\u1ec7n gia d\u1ee5ng, thi\u1ebft b\u1ecb vi\u1ec5n th\u00f4ng, s\u1ea3n xu\u1ea5t \u00f4 t\u00f4, h\u00e0ng kh\u00f4ng v\u0169 tr\u1ee5, thi\u1ebft b\u1ecb v\u0103n ph\u00f2ng, v\u1eadt li\u1ec7u x\u00e2y d\u1ef1ng, thi\u1ebft b\u1ecb y t\u1ebf, LED, d\u1ee5ng c\u1ee5 \u0111i\u1ec7n, chi\u1ebfu s\u00e1ng v\u00e0 c\u00e1c l\u0129nh v\u1ef1c kh\u00e1c.<\/p>","protected":false},"featured_media":241,"comment_status":"open","ping_status":"closed","template":"","meta":[],"product_brand":[25],"product_cat":[19],"product_tag":[26],"class_list":{"0":"post-245","1":"product","2":"type-product","3":"status-publish","4":"has-post-thumbnail","6":"product_brand-yh","7":"product_cat-uncategorized","8":"product_tag-pbt","10":"first","11":"instock","12":"shipping-taxable","13":"product-type-simple"},"_links":{"self":[{"href":"https:\/\/ypolymer.com\/vi\/wp-json\/wp\/v2\/product\/245","targetHints":{"allow":["GET"]}}],"collection":[{"href":"https:\/\/ypolymer.com\/vi\/wp-json\/wp\/v2\/product"}],"about":[{"href":"https:\/\/ypolymer.com\/vi\/wp-json\/wp\/v2\/types\/product"}],"replies":[{"embeddable":true,"href":"https:\/\/ypolymer.com\/vi\/wp-json\/wp\/v2\/comments?post=245"}],"wp:featuredmedia":[{"embeddable":true,"href":"https:\/\/ypolymer.com\/vi\/wp-json\/wp\/v2\/media\/241"}],"wp:attachment":[{"href":"https:\/\/ypolymer.com\/vi\/wp-json\/wp\/v2\/media?parent=245"}],"wp:term":[{"taxonomy":"product_brand","embeddable":true,"href":"https:\/\/ypolymer.com\/vi\/wp-json\/wp\/v2\/product_brand?post=245"},{"taxonomy":"product_cat","embeddable":true,"href":"https:\/\/ypolymer.com\/vi\/wp-json\/wp\/v2\/product_cat?post=245"},{"taxonomy":"product_tag","embeddable":true,"href":"https:\/\/ypolymer.com\/vi\/wp-json\/wp\/v2\/product_tag?post=245"}],"curies":[{"name":"wp","href":"https:\/\/api.w.org\/{rel}","templated":true}]}}