{"id":247,"date":"2025-07-27T01:50:01","date_gmt":"2025-07-27T01:50:01","guid":{"rendered":"https:\/\/ypolymer.com\/?post_type=product&#038;p=247"},"modified":"2025-07-27T01:50:01","modified_gmt":"2025-07-27T01:50:01","slug":"pbt-green-customization","status":"publish","type":"product","link":"https:\/\/ypolymer.com\/vi\/san-pham\/pbt-green-customization\/","title":{"rendered":"PBT Green T\u00f9y ch\u1ec9nh"},"content":{"rendered":"<h2>N\u00e2ng cao kh\u1ea3 n\u0103ng s\u00e1ng t\u1ea1o v\u1edbi nh\u1ef1a bi\u1ebfn t\u00ednh hi\u1ec7u su\u1ea5t cao<\/h2>\n<p>Youhua, m\u1ed9t doanh nghi\u1ec7p t\u01b0 nh\u00e2n uy t\u00edn, \u0111\u1ee9ng \u0111\u1ea7u trong ng\u00e0nh c\u00f4ng nghi\u1ec7p nh\u1ef1a bi\u1ebfn t\u00ednh. K\u1ec3 t\u1eeb khi th\u00e0nh l\u1eadp, c\u00f4ng ty lu\u00f4n l\u1ea5y s\u1ef1 \u0111\u1ed5i m\u1edbi l\u00e0m \u0111\u1ed9ng l\u1ef1c, cung c\u1ea5p c\u00e1c s\u1ea3n ph\u1ea9m nh\u1ef1a bi\u1ebfn t\u00ednh ch\u1ea5t l\u01b0\u1ee3ng cao, \u0111\u00e1p \u1ee9ng \u0111a d\u1ea1ng nhu c\u1ea7u c\u00f4ng nghi\u1ec7p. V\u1edbi cam k\u1ebft v\u1eefng ch\u1eafc v\u1ec1 ch\u1ea5t l\u01b0\u1ee3ng, Youhua \u0111\u00e3 tr\u1edf th\u00e0nh bi\u1ec3u t\u01b0\u1ee3ng c\u1ee7a s\u1ef1 tin c\u1eady v\u00e0 chuy\u00ean m\u00f4n trong vi\u1ec7c s\u1ea3n xu\u1ea5t c\u00e1c v\u1eadt li\u1ec7u ti\u00ean ti\u1ebfn.<\/p>\n<p>Tr\u00e1i tim c\u1ee7a th\u00e0nh c\u00f4ng c\u1ee7a Youhua ch\u00ednh l\u00e0 th\u01b0\u01a1ng hi\u1ec7u n\u1ed5i ti\u1ebfng \u2018Optimization\u2019, th\u1ec3 hi\u1ec7n c\u00e1c gi\u00e1 tr\u1ecb c\u1ed1t l\u00f5i v\u1ec1 \u0111\u1ed9 ch\u00ednh x\u00e1c, kh\u1ea3 n\u0103ng th\u00edch \u1ee9ng v\u00e0 c\u00e1c gi\u1ea3i ph\u00e1p ti\u00ean ti\u1ebfn. Kh\u00e1ch h\u00e0ng l\u1ef1a ch\u1ecdn Youhua kh\u00f4ng ch\u1ec9 v\u00ec s\u1ea3n ph\u1ea9m c\u1ee7a c\u00f4ng ty, m\u00e0 c\u00f2n v\u00ec ph\u01b0\u01a1ng ph\u00e1p ti\u1ebfp c\u1eadn to\u00e0n di\u1ec7n, k\u1ebft h\u1ee3p chuy\u00ean m\u00f4n s\u1ea3n xu\u1ea5t, h\u1ed7 tr\u1ee3 b\u00e1n h\u00e0ng v\u00e0 h\u01b0\u1edbng d\u1eabn k\u1ef9 thu\u1eadt \u0111\u1ec3 gi\u00fap c\u00e1c ng\u00e0nh c\u00f4ng nghi\u1ec7p \u0111\u1ea1t \u0111\u01b0\u1ee3c hi\u1ec7u su\u1ea5t t\u1ed1i \u01b0u v\u1edbi nh\u1ef1a \u0111\u00e3 \u0111\u01b0\u1ee3c \u0111i\u1ec1u ch\u1ec9nh.<\/p>\n<h2>T\u1ea1i sao n\u00ean ch\u1ecdn Youhua cho nh\u1ef1a bi\u1ebfn t\u00ednh?<\/h2>\n<p>Youhua \u0111\u00e3 x\u00e2y d\u1ef1ng \u0111\u01b0\u1ee3c uy t\u00edn l\u00e0 m\u1ed9t th\u01b0\u01a1ng hi\u1ec7u \u0111\u00e1ng tin c\u1eady v\u1edbi ch\u1ea5t l\u01b0\u1ee3ng v\u00e0 hi\u1ec7u su\u1ea5t \u1ed5n \u0111\u1ecbnh. D\u01b0\u1edbi \u0111\u00e2y l\u00e0 nh\u1eefng y\u1ebfu t\u1ed1 gi\u00fap c\u00f4ng ty n\u1ed5i b\u1eadt trong th\u1ecb tr\u01b0\u1eddng c\u1ea1nh tranh kh\u1ed1c li\u1ec7t:<\/p>\n<p><strong>\u2013 Chuy\u00ean m\u00f4n to\u00e0n di\u1ec7n:<\/strong> Ngo\u00e0i vi\u1ec7c s\u1ea3n xu\u1ea5t nh\u1ef1a gia c\u00f4ng cao c\u1ea5p, Youhua \u0111\u00e3 \u0111\u1ea7u t\u01b0 v\u00e0o h\u1ed7 tr\u1ee3 k\u1ef9 thu\u1eadt \u0111\u1ec3 \u0111\u1ea3m b\u1ea3o kh\u00e1ch h\u00e0ng nh\u1eadn \u0111\u01b0\u1ee3c c\u00e1c gi\u1ea3i ph\u00e1p \u0111\u01b0\u1ee3c t\u00f9y ch\u1ec9nh ph\u00f9 h\u1ee3p v\u1edbi nhu c\u1ea7u c\u1ee5 th\u1ec3 c\u1ee7a h\u1ecd. D\u00f9 b\u1ea1n ho\u1ea1t \u0111\u1ed9ng trong ng\u00e0nh \u00f4 t\u00f4, \u0111\u00f3ng g\u00f3i hay \u0111i\u1ec7n t\u1eed, Youhua \u0111\u1ec1u c\u00f3 kh\u1ea3 n\u0103ng cung c\u1ea5p h\u1ed7 tr\u1ee3 chuy\u00ean bi\u1ec7t cho t\u1eebng ng\u00e0nh.<\/p>\n<p><strong>\u2013 T\u0103ng tr\u01b0\u1edfng \u0111\u00e3 \u0111\u01b0\u1ee3c ch\u1ee9ng minh:<\/strong> K\u1ec3 t\u1eeb khi th\u00e0nh l\u1eadp, c\u00f4ng ty \u0111\u00e3 \u0111\u1ea1t \u0111\u01b0\u1ee3c s\u1ef1 ph\u00e1t tri\u1ec3n b\u1ec1n v\u1eefng v\u00e0 \u1ed5n \u0111\u1ecbnh. S\u1ef1 t\u0103ng tr\u01b0\u1edfng n\u00e0y l\u00e0 k\u1ebft qu\u1ea3 tr\u1ef1c ti\u1ebfp c\u1ee7a kh\u1ea3 n\u0103ng li\u00ean t\u1ee5c \u0111\u1ed5i m\u1edbi v\u00e0 th\u00edch \u1ee9ng v\u1edbi nhu c\u1ea7u th\u1ecb tr\u01b0\u1eddng, \u0111\u1ea3m b\u1ea3o r\u1eb1ng kh\u00e1ch h\u00e0ng c\u1ee7a c\u00f4ng ty lu\u00f4n \u0111i \u0111\u1ea7u trong c\u00e1c ti\u1ebfn b\u1ed9 c\u00f4ng ngh\u1ec7.<\/p>\n<p><strong>\u2013 S\u1ea3n ph\u1ea9m \u0111\u00e1ng tin c\u1eady:<\/strong> Th\u01b0\u01a1ng hi\u1ec7u \u2018Optimization\u2019 t\u01b0\u1ee3ng tr\u01b0ng cho s\u1ef1 tin c\u1eady, ch\u1ea5t l\u01b0\u1ee3ng v\u00e0 hi\u1ec7u su\u1ea5t. D\u01b0\u1edbi t\u00ean g\u1ecdi n\u00e0y, Youhua cam k\u1ebft cung c\u1ea5p nh\u1eefng v\u1eadt li\u1ec7u t\u1ed1t nh\u1ea5t \u0111\u1ec3 \u0111\u00e1p \u1ee9ng v\u00e0 v\u01b0\u1ee3t qua c\u00e1c ti\u00eau chu\u1ea9n c\u00f4ng nghi\u1ec7p.<\/p>\n<h2>M\u1ed9t \u0111\u1ed1i t\u00e1c \u0111\u1ed3ng h\u00e0nh c\u00f9ng s\u1ef1 th\u00e0nh c\u00f4ng c\u1ee7a b\u1ea1n<\/h2>\n<p>\u0110i\u1ec1u th\u1ef1c s\u1ef1 ph\u00e2n bi\u1ec7t Youhua v\u1edbi c\u00e1c \u0111\u1ed1i th\u1ee7 c\u1ea1nh tranh l\u00e0 cam k\u1ebft c\u1ee7a c\u00f4ng ty kh\u00f4ng ch\u1ec9 t\u1eadp trung v\u00e0o vi\u1ec7c s\u1ea3n xu\u1ea5t s\u1ea3n ph\u1ea9m m\u00e0 c\u00f2n x\u00e2y d\u1ef1ng m\u1ed1i quan h\u1ec7 \u0111\u1ed1i t\u00e1c b\u1ec1n v\u1eefng. Khi h\u1ee3p t\u00e1c v\u1edbi Youhua, b\u1ea1n s\u1ebd \u0111\u01b0\u1ee3c h\u01b0\u1edfng l\u1ee3i t\u1eeb m\u1ed9t \u0111\u1ed9i ng\u0169 chuy\u00ean nghi\u1ec7p, lu\u00f4n \u0111\u1ed3ng h\u00e0nh c\u00f9ng s\u1ef1 th\u00e0nh c\u00f4ng c\u1ee7a b\u1ea1n th\u00f4ng qua giao ti\u1ebfp c\u1edfi m\u1edf, gi\u1ea3i ph\u00e1p t\u00f9y ch\u1ec9nh v\u00e0 h\u1ed7 tr\u1ee3 k\u1ef9 thu\u1eadt nhanh ch\u00f3ng. Tr\u1ecdng t\u00e2m kh\u00f4ng ch\u1ec9 l\u00e0 b\u00e1n s\u1ea3n ph\u1ea9m, m\u00e0 c\u00f2n \u0111\u1ea3m b\u1ea3o s\u1ea3n ph\u1ea9m \u0111\u01b0\u1ee3c t\u00edch h\u1ee3p m\u1ed9t c\u00e1ch tr\u01a1n tru v\u00e0o quy tr\u00ecnh s\u1ea3n xu\u1ea5t c\u1ee7a b\u1ea1n v\u00e0 n\u00e2ng cao hi\u1ec7u su\u1ea5t c\u1ee7a s\u1ea3n ph\u1ea9m cu\u1ed1i c\u00f9ng.<\/p>\n<p>D\u00f9 b\u1ea1n \u0111ang t\u00ecm ki\u1ebfm ch\u1ea5t l\u01b0\u1ee3ng v\u1eadt li\u1ec7u v\u01b0\u1ee3t tr\u1ed9i, gi\u1ea3i ph\u00e1p s\u00e1ng t\u1ea1o hay d\u1ecbch v\u1ee5 kh\u00e1ch h\u00e0ng chu \u0111\u00e1o, Youhua \u0111\u1ec1u \u0111\u00e1p \u1ee9ng m\u1ecdi y\u00eau c\u1ea7u. V\u1edbi chuy\u00ean m\u00f4n s\u00e2u r\u1ed9ng trong l\u0129nh v\u1ef1c nh\u1ef1a k\u1ef9 thu\u1eadt cao, Youhua l\u00e0 \u0111\u1ed1i t\u00e1c l\u00fd t\u01b0\u1edfng cho c\u00e1c doanh nghi\u1ec7p mong mu\u1ed1n v\u01b0\u1ee3t tr\u1ed9i so v\u1edbi \u0111\u1ed1i th\u1ee7 c\u1ea1nh tranh \u0111\u1ed3ng th\u1eddi duy tr\u00ec ti\u00eau chu\u1ea9n ch\u1ea5t l\u01b0\u1ee3ng cao trong c\u00e1c s\u1ea3n ph\u1ea9m v\u00e0 d\u1ecbch v\u1ee5 c\u1ee7a m\u00ecnh.<\/p>\n<p>Kh\u00e1m ph\u00e1 d\u00f2ng s\u1ea3n ph\u1ea9m nh\u1ef1a c\u1ea3i ti\u1ebfn c\u1ee7a Youhua v\u00e0 t\u00ecm hi\u1ec3u c\u00e1ch cam k\u1ebft c\u1ee7a h\u1ecd \u0111\u1ed1i v\u1edbi \u2018T\u1ed1i \u01b0u h\u00f3a\u2019 c\u00f3 th\u1ec3 bi\u1ebfn \u0111\u1ed5i s\u1ea3n ph\u1ea9m v\u00e0 quy tr\u00ecnh c\u1ee7a b\u1ea1n. Ch\u1ecdn Youhua cho c\u00e1c v\u1eadt li\u1ec7u mang l\u1ea1i s\u1ef1 tin t\u01b0\u1edfng, khuy\u1ebfn kh\u00edch s\u1ef1 s\u00e1ng t\u1ea1o v\u00e0 duy tr\u00ec s\u1ef1 ph\u00e1t tri\u1ec3n.<\/p>","protected":false},"excerpt":{"rendered":"<p>Youhua l\u00e0 m\u1ed9t doanh nghi\u1ec7p t\u01b0 nh\u00e2n chuy\u00ean s\u1ea3n xu\u1ea5t, kinh doanh v\u00e0 h\u1ed7 tr\u1ee3 k\u1ef9 thu\u1eadt cho c\u00e1c lo\u1ea1i nh\u1ef1a k\u1ef9 thu\u1eadt cao c\u1ea5p \u0111\u00e3 \u0111\u01b0\u1ee3c c\u1ea3i ti\u1ebfn. K\u1ec3 t\u1eeb khi th\u00e0nh l\u1eadp, c\u00f4ng ty \u0111\u00e3 \u0111\u1ea1t \u0111\u01b0\u1ee3c s\u1ef1 ph\u00e1t tri\u1ec3n b\u1ec1n v\u1eefng v\u00e0 \u1ed5n \u0111\u1ecbnh, \u0111\u1ed3ng th\u1eddi t\u1ea1o d\u1ef1ng \u0111\u01b0\u1ee3c th\u01b0\u01a1ng hi\u1ec7u n\u1ed5i ti\u1ebfng \u201cOptimization\u201d. Trung t\u00e2m nghi\u00ean c\u1ee9u v\u00e0 ph\u00e1t tri\u1ec3n (R&amp;D) c\u1ee7a c\u00f4ng ty \u0111\u01b0\u1ee3c trang b\u1ecb nhi\u1ec1u thi\u1ebft b\u1ecb nghi\u00ean c\u1ee9u v\u00e0 ph\u00e1t tri\u1ec3n v\u1eadt li\u1ec7u ti\u00ean ti\u1ebfn c\u00f9ng c\u00e1c d\u1ee5ng c\u1ee5 th\u1eed nghi\u1ec7m hi\u1ec7n \u0111\u1ea1i. Kh\u1ea3 n\u0103ng v\u00e0 quy m\u00f4 \u0111\u1ed5i m\u1edbi c\u00f4ng ngh\u1ec7 c\u1ee7a c\u00f4ng ty n\u1eb1m trong s\u1ed1 nh\u1eefng \u0111\u01a1n v\u1ecb h\u00e0ng \u0111\u1ea7u trong l\u0129nh v\u1ef1c nh\u1ef1a k\u1ef9 thu\u1eadt PBT t\u1ea1i t\u1ec9nh Qu\u1ea3ng \u0110\u00f4ng. S\u1ea3n ph\u1ea9m c\u1ee7a c\u00f4ng ty \u0111\u01b0\u1ee3c \u1ee9ng d\u1ee5ng r\u1ed9ng r\u00e3i trong c\u00e1c ng\u00e0nh c\u00f4ng nghi\u1ec7p \u0111i\u1ec7n t\u1eed, thi\u1ebft b\u1ecb gia d\u1ee5ng, thi\u1ebft b\u1ecb vi\u1ec5n th\u00f4ng, s\u1ea3n xu\u1ea5t \u00f4 t\u00f4, h\u00e0ng kh\u00f4ng v\u0169 tr\u1ee5, thi\u1ebft b\u1ecb v\u0103n ph\u00f2ng, v\u1eadt li\u1ec7u x\u00e2y d\u1ef1ng, thi\u1ebft b\u1ecb y t\u1ebf, LED, d\u1ee5ng c\u1ee5 \u0111i\u1ec7n, chi\u1ebfu s\u00e1ng v\u00e0 nhi\u1ec1u l\u0129nh v\u1ef1c kh\u00e1c.<\/p>","protected":false},"featured_media":242,"comment_status":"open","ping_status":"closed","template":"","meta":[],"product_brand":[25],"product_cat":[19],"product_tag":[26],"class_list":{"0":"post-247","1":"product","2":"type-product","3":"status-publish","4":"has-post-thumbnail","6":"product_brand-yh","7":"product_cat-uncategorized","8":"product_tag-pbt","10":"first","11":"instock","12":"shipping-taxable","13":"product-type-simple"},"_links":{"self":[{"href":"https:\/\/ypolymer.com\/vi\/wp-json\/wp\/v2\/product\/247","targetHints":{"allow":["GET"]}}],"collection":[{"href":"https:\/\/ypolymer.com\/vi\/wp-json\/wp\/v2\/product"}],"about":[{"href":"https:\/\/ypolymer.com\/vi\/wp-json\/wp\/v2\/types\/product"}],"replies":[{"embeddable":true,"href":"https:\/\/ypolymer.com\/vi\/wp-json\/wp\/v2\/comments?post=247"}],"wp:featuredmedia":[{"embeddable":true,"href":"https:\/\/ypolymer.com\/vi\/wp-json\/wp\/v2\/media\/242"}],"wp:attachment":[{"href":"https:\/\/ypolymer.com\/vi\/wp-json\/wp\/v2\/media?parent=247"}],"wp:term":[{"taxonomy":"product_brand","embeddable":true,"href":"https:\/\/ypolymer.com\/vi\/wp-json\/wp\/v2\/product_brand?post=247"},{"taxonomy":"product_cat","embeddable":true,"href":"https:\/\/ypolymer.com\/vi\/wp-json\/wp\/v2\/product_cat?post=247"},{"taxonomy":"product_tag","embeddable":true,"href":"https:\/\/ypolymer.com\/vi\/wp-json\/wp\/v2\/product_tag?post=247"}],"curies":[{"name":"wp","href":"https:\/\/api.w.org\/{rel}","templated":true}]}}